{"id":8,"date":"2023-02-15T14:02:19","date_gmt":"2023-02-15T13:02:19","guid":{"rendered":"https:\/\/ferienhaus.wuelde-hoamat.at\/?page_id=8"},"modified":"2023-02-23T14:07:33","modified_gmt":"2023-02-23T13:07:33","slug":"kontakt","status":"publish","type":"page","link":"https:\/\/ferienhaus.wuelde-hoamat.at\/index.php\/kontakt\/","title":{"rendered":"Kontakt"},"content":{"rendered":"\t\t<div data-elementor-type=\"wp-page\" data-elementor-id=\"8\" class=\"elementor elementor-8\">\n\t\t\t\t\t\t\t\t\t<section class=\"elementor-section elementor-top-section elementor-element elementor-element-c875656 elementor-section-boxed elementor-section-height-default elementor-section-height-default\" data-id=\"c875656\" data-element_type=\"section\" data-settings=\"{&quot;_ha_eqh_enable&quot;:false}\">\n\t\t\t\t\t\t\t<div class=\"elementor-background-overlay\"><\/div>\n\t\t\t\t\t\t\t<div class=\"elementor-container elementor-column-gap-default\">\n\t\t\t\t\t<div class=\"elementor-column elementor-col-33 elementor-top-column elementor-element elementor-element-03f801a\" data-id=\"03f801a\" data-element_type=\"column\">\n\t\t\t<div class=\"elementor-widget-wrap elementor-element-populated\">\n\t\t\t\t\t\t\t\t<div class=\"elementor-element elementor-element-2a22ecf elementor-widget elementor-widget-text-editor\" data-id=\"2a22ecf\" data-element_type=\"widget\" data-widget_type=\"text-editor.default\">\n\t\t\t\t<div class=\"elementor-widget-container\">\n\t\t\t<style>\/*! elementor - v3.15.0 - 09-08-2023 *\/\n.elementor-widget-text-editor.elementor-drop-cap-view-stacked .elementor-drop-cap{background-color:#69727d;color:#fff}.elementor-widget-text-editor.elementor-drop-cap-view-framed .elementor-drop-cap{color:#69727d;border:3px solid;background-color:transparent}.elementor-widget-text-editor:not(.elementor-drop-cap-view-default) .elementor-drop-cap{margin-top:8px}.elementor-widget-text-editor:not(.elementor-drop-cap-view-default) .elementor-drop-cap-letter{width:1em;height:1em}.elementor-widget-text-editor .elementor-drop-cap{float:left;text-align:center;line-height:1;font-size:50px}.elementor-widget-text-editor .elementor-drop-cap-letter{display:inline-block}<\/style>\t\t\t\t<figure class=\"wp-block-image aligncenter is-resized icon-style is-style-rounded\"><img loading=\"lazy\" decoding=\"async\" src=\"https:\/\/ferienhaus.wuelde-hoamat.at\/wp-content\/themes\/neve\/assets\/img\/starter-content\/icon-05.svg\" alt=\"\" width=\"48\" height=\"48\" \/><\/figure>\n<p><!-- \/wp:image --><\/p>\n<p><!-- wp:heading {\"level\":3,\"textColor\":\"neve-text-color\",\"className\":\"has-text-align-center\"} --><\/p>\n<h3 class=\"has-text-align-center has-neve-text-color-color has-text-color\">Telefon<\/h3>\n<p><!-- \/wp:heading --><\/p>\n<p><!-- wp:paragraph {\"align\":\"center\",\"style\":{\"typography\":{\"fontSize\":15}},\"textColor\":\"neve-text-color\"} --><\/p>\n<p class=\"has-text-align-center has-neve-text-color-color has-text-color\" style=\"font-size: 15px;\">MO &#8211; FR von 8-14 Uhr<br \/><a href=\"tel: +433848811736\"> +43 3848 811 736<\/a><\/p>\t\t\t\t\t\t<\/div>\n\t\t\t\t<\/div>\n\t\t\t\t\t<\/div>\n\t\t<\/div>\n\t\t\t\t<div class=\"elementor-column elementor-col-33 elementor-top-column elementor-element elementor-element-2ae1cb8\" data-id=\"2ae1cb8\" data-element_type=\"column\">\n\t\t\t<div class=\"elementor-widget-wrap elementor-element-populated\">\n\t\t\t\t\t\t\t\t<div class=\"elementor-element elementor-element-a423d4a elementor-widget elementor-widget-text-editor\" data-id=\"a423d4a\" data-element_type=\"widget\" data-widget_type=\"text-editor.default\">\n\t\t\t\t<div class=\"elementor-widget-container\">\n\t\t\t\t\t\t\t<figure class=\"wp-block-image aligncenter is-resized icon-style is-style-rounded\"><img loading=\"lazy\" decoding=\"async\" src=\"https:\/\/ferienhaus.wuelde-hoamat.at\/wp-content\/themes\/neve\/assets\/img\/starter-content\/icon-06.svg\" alt=\"\" width=\"48\" height=\"48\" \/><\/figure>\n<p><!-- \/wp:image --><\/p>\n<p><!-- wp:heading {\"level\":3,\"textColor\":\"neve-text-color\",\"className\":\"has-text-align-center\"} --><\/p>\n<h3 class=\"has-text-align-center has-neve-text-color-color has-text-color\">Email<\/h3>\n<p><!-- \/wp:heading --><\/p>\n<p><!-- wp:paragraph {\"align\":\"center\",\"style\":{\"typography\":{\"fontSize\":15}},\"textColor\":\"neve-text-color\"} --><\/p>\n<p class=\"has-text-align-center has-neve-text-color-color has-text-color\" style=\"font-size: 15px;\">ferienhaus@wuelde-hoamat.at<\/p>\t\t\t\t\t\t<\/div>\n\t\t\t\t<\/div>\n\t\t\t\t\t<\/div>\n\t\t<\/div>\n\t\t\t\t<div class=\"elementor-column elementor-col-33 elementor-top-column elementor-element elementor-element-83d0dfa\" data-id=\"83d0dfa\" data-element_type=\"column\">\n\t\t\t<div class=\"elementor-widget-wrap elementor-element-populated\">\n\t\t\t\t\t\t\t\t<div class=\"elementor-element elementor-element-c3767cd elementor-widget elementor-widget-text-editor\" data-id=\"c3767cd\" data-element_type=\"widget\" data-widget_type=\"text-editor.default\">\n\t\t\t\t<div class=\"elementor-widget-container\">\n\t\t\t\t\t\t\t<figure class=\"wp-block-image aligncenter is-resized icon-style is-style-rounded\"><img loading=\"lazy\" decoding=\"async\" src=\"https:\/\/ferienhaus.wuelde-hoamat.at\/wp-content\/themes\/neve\/assets\/img\/starter-content\/icon-04.svg\" alt=\"\" width=\"48\" height=\"48\" \/><\/figure>\n<p><!-- \/wp:image --><\/p>\n<p><!-- wp:heading {\"level\":3,\"textColor\":\"neve-text-color\",\"className\":\"has-text-align-center\"} --><\/p>\n<h3 class=\"has-text-align-center has-neve-text-color-color has-text-color\">Ferienhaus<\/h3>\n<p><!-- \/wp:heading --><\/p>\n<p><!-- wp:paragraph {\"align\":\"center\",\"style\":{\"typography\":{\"fontSize\":15}},\"textColor\":\"neve-text-color\"} --><\/p>\n<p class=\"has-text-align-center has-neve-text-color-color has-text-color\" style=\"font-size: 15px;\">Kriechbaumweg 13, 8790 Eisenerz, \u00d6sterreich<\/p>\t\t\t\t\t\t<\/div>\n\t\t\t\t<\/div>\n\t\t\t\t\t<\/div>\n\t\t<\/div>\n\t\t\t\t\t\t\t<\/div>\n\t\t<\/section>\n\t\t\t\t<section class=\"elementor-section elementor-top-section elementor-element elementor-element-f5519a3 elementor-section-boxed elementor-section-height-default elementor-section-height-default\" data-id=\"f5519a3\" data-element_type=\"section\" data-settings=\"{&quot;_ha_eqh_enable&quot;:false}\">\n\t\t\t\t\t\t\t<div class=\"elementor-background-overlay\"><\/div>\n\t\t\t\t\t\t\t<div class=\"elementor-container elementor-column-gap-default\">\n\t\t\t\t\t<div class=\"elementor-column elementor-col-100 elementor-top-column elementor-element elementor-element-d00d794\" data-id=\"d00d794\" data-element_type=\"column\">\n\t\t\t<div class=\"elementor-widget-wrap elementor-element-populated\">\n\t\t\t\t\t\t\t\t<div class=\"elementor-element elementor-element-7e8dfad elementor-widget elementor-widget-google_maps\" data-id=\"7e8dfad\" data-element_type=\"widget\" data-widget_type=\"google_maps.default\">\n\t\t\t\t<div class=\"elementor-widget-container\">\n\t\t\t<style>\/*! elementor - v3.15.0 - 09-08-2023 *\/\n.elementor-widget-google_maps .elementor-widget-container{overflow:hidden}.elementor-widget-google_maps .elementor-custom-embed{line-height:0}.elementor-widget-google_maps iframe{height:300px}<\/style>\t\t<div class=\"elementor-custom-embed\">\n\t\t\t<iframe loading=\"lazy\"\n\t\t\t\t\tsrc=\"https:\/\/maps.google.com\/maps?q=Kriechbaumweg%2013%2C%208790%20Eisenerz%2C%20Austria&#038;t=m&#038;z=10&#038;output=embed&#038;iwloc=near\"\n\t\t\t\t\ttitle=\"Kriechbaumweg 13, 8790 Eisenerz, Austria\"\n\t\t\t\t\taria-label=\"Kriechbaumweg 13, 8790 Eisenerz, Austria\"\n\t\t\t><\/iframe>\n\t\t<\/div>\n\t\t\t\t<\/div>\n\t\t\t\t<\/div>\n\t\t\t\t\t<\/div>\n\t\t<\/div>\n\t\t\t\t\t\t\t<\/div>\n\t\t<\/section>\n\t\t\t\t\t\t\t<\/div>\n\t\t","protected":false},"excerpt":{"rendered":"<p>Telefon MO &#8211; FR von 8-14 Uhr +43 3848 811 736 Email ferienhaus@wuelde-hoamat.at Ferienhaus Kriechbaumweg 13, 8790 Eisenerz, \u00d6sterreich<\/p>\n","protected":false},"author":1,"featured_media":195,"parent":0,"menu_order":0,"comment_status":"closed","ping_status":"closed","template":"","meta":{"_monsterinsights_skip_tracking":false,"_monsterinsights_sitenote_active":false,"_monsterinsights_sitenote_note":"","_monsterinsights_sitenote_category":0,"neve_meta_sidebar":"","neve_meta_container":"","neve_meta_enable_content_width":"on","neve_meta_content_width":100,"neve_meta_title_alignment":"","neve_meta_author_avatar":"","neve_post_elements_order":"","neve_meta_disable_header":"","neve_meta_disable_footer":"","neve_meta_disable_title":"on","footnotes":""},"class_list":["post-8","page","type-page","status-publish","has-post-thumbnail","hentry"],"yoast_head":"<!-- This site is optimized with the Yoast SEO plugin v20.13 - https:\/\/yoast.com\/wordpress\/plugins\/seo\/ -->\n<title>Kontakt - W\u00fclde Hoamat Ferienhaus<\/title>\n<meta name=\"description\" content=\"Wir begr\u00fc\u00dfen Sie in Eisenerz, 1km vom Leopoldsteinersee und Klettersteigen, sowie 5km vom steirischen Erzberg entfernt.\" \/>\n<meta name=\"robots\" content=\"index, follow, max-snippet:-1, max-image-preview:large, max-video-preview:-1\" \/>\n<link rel=\"canonical\" href=\"https:\/\/ferienhaus.wuelde-hoamat.at\/index.php\/kontakt\/\" \/>\n<meta property=\"og:locale\" content=\"de_DE\" \/>\n<meta property=\"og:type\" content=\"article\" \/>\n<meta property=\"og:title\" content=\"Kontakt - W\u00fclde Hoamat Ferienhaus\" \/>\n<meta property=\"og:description\" content=\"Wir begr\u00fc\u00dfen Sie in Eisenerz, 1km vom Leopoldsteinersee und Klettersteigen, sowie 5km vom steirischen Erzberg entfernt.\" \/>\n<meta property=\"og:url\" content=\"https:\/\/ferienhaus.wuelde-hoamat.at\/index.php\/kontakt\/\" \/>\n<meta property=\"og:site_name\" content=\"W\u00fclde Hoamat Ferienhaus\" \/>\n<meta property=\"article:modified_time\" content=\"2023-02-23T13:07:33+00:00\" \/>\n<meta property=\"og:image\" content=\"https:\/\/ferienhaus.wuelde-hoamat.at\/wp-content\/uploads\/2023\/02\/ferienhaus.png\" \/>\n\t<meta property=\"og:image:width\" content=\"300\" \/>\n\t<meta property=\"og:image:height\" content=\"300\" \/>\n\t<meta property=\"og:image:type\" content=\"image\/png\" \/>\n<meta name=\"twitter:card\" content=\"summary_large_image\" \/>\n<meta name=\"twitter:label1\" content=\"Gesch\u00e4tzte Lesezeit\" \/>\n\t<meta name=\"twitter:data1\" content=\"1 Minute\" \/>\n<script type=\"application\/ld+json\" class=\"yoast-schema-graph\">{\"@context\":\"https:\/\/schema.org\",\"@graph\":[{\"@type\":\"WebPage\",\"@id\":\"https:\/\/ferienhaus.wuelde-hoamat.at\/index.php\/kontakt\/\",\"url\":\"https:\/\/ferienhaus.wuelde-hoamat.at\/index.php\/kontakt\/\",\"name\":\"Kontakt - W\u00fclde Hoamat Ferienhaus\",\"isPartOf\":{\"@id\":\"https:\/\/ferienhaus.wuelde-hoamat.at\/#website\"},\"datePublished\":\"2023-02-15T13:02:19+00:00\",\"dateModified\":\"2023-02-23T13:07:33+00:00\",\"description\":\"Wir begr\u00fc\u00dfen Sie in Eisenerz, 1km vom Leopoldsteinersee und Klettersteigen, sowie 5km vom steirischen Erzberg entfernt.\",\"breadcrumb\":{\"@id\":\"https:\/\/ferienhaus.wuelde-hoamat.at\/index.php\/kontakt\/#breadcrumb\"},\"inLanguage\":\"de-AT\",\"potentialAction\":[{\"@type\":\"ReadAction\",\"target\":[\"https:\/\/ferienhaus.wuelde-hoamat.at\/index.php\/kontakt\/\"]}]},{\"@type\":\"BreadcrumbList\",\"@id\":\"https:\/\/ferienhaus.wuelde-hoamat.at\/index.php\/kontakt\/#breadcrumb\",\"itemListElement\":[{\"@type\":\"ListItem\",\"position\":1,\"name\":\"Startseite\",\"item\":\"https:\/\/ferienhaus.wuelde-hoamat.at\/\"},{\"@type\":\"ListItem\",\"position\":2,\"name\":\"Kontakt\"}]},{\"@type\":\"WebSite\",\"@id\":\"https:\/\/ferienhaus.wuelde-hoamat.at\/#website\",\"url\":\"https:\/\/ferienhaus.wuelde-hoamat.at\/\",\"name\":\"W\u00fclde Hoamat Ferienhaus\",\"description\":\"Zimmer und Apartment in Eisenerz buchen\",\"publisher\":{\"@id\":\"https:\/\/ferienhaus.wuelde-hoamat.at\/#organization\"},\"potentialAction\":[{\"@type\":\"SearchAction\",\"target\":{\"@type\":\"EntryPoint\",\"urlTemplate\":\"https:\/\/ferienhaus.wuelde-hoamat.at\/?s={search_term_string}\"},\"query-input\":\"required name=search_term_string\"}],\"inLanguage\":\"de-AT\"},{\"@type\":\"Organization\",\"@id\":\"https:\/\/ferienhaus.wuelde-hoamat.at\/#organization\",\"name\":\"W\u00fclde Hoamat Ferienhaus\",\"url\":\"https:\/\/ferienhaus.wuelde-hoamat.at\/\",\"logo\":{\"@type\":\"ImageObject\",\"inLanguage\":\"de-AT\",\"@id\":\"https:\/\/ferienhaus.wuelde-hoamat.at\/#\/schema\/logo\/image\/\",\"url\":\"https:\/\/ferienhaus.wuelde-hoamat.at\/wp-content\/uploads\/2023\/02\/Wuelde-Hoamat-Zimmer-3-Wueldes-Madl-6-scaled.jpg\",\"contentUrl\":\"https:\/\/ferienhaus.wuelde-hoamat.at\/wp-content\/uploads\/2023\/02\/Wuelde-Hoamat-Zimmer-3-Wueldes-Madl-6-scaled.jpg\",\"width\":2560,\"height\":1440,\"caption\":\"W\u00fclde Hoamat Ferienhaus\"},\"image\":{\"@id\":\"https:\/\/ferienhaus.wuelde-hoamat.at\/#\/schema\/logo\/image\/\"}}]}<\/script>\n<!-- \/ Yoast SEO plugin. -->","yoast_head_json":{"title":"Kontakt - W\u00fclde Hoamat Ferienhaus","description":"Wir begr\u00fc\u00dfen Sie in Eisenerz, 1km vom Leopoldsteinersee und Klettersteigen, sowie 5km vom steirischen Erzberg entfernt.","robots":{"index":"index","follow":"follow","max-snippet":"max-snippet:-1","max-image-preview":"max-image-preview:large","max-video-preview":"max-video-preview:-1"},"canonical":"https:\/\/ferienhaus.wuelde-hoamat.at\/index.php\/kontakt\/","og_locale":"de_DE","og_type":"article","og_title":"Kontakt - W\u00fclde Hoamat Ferienhaus","og_description":"Wir begr\u00fc\u00dfen Sie in Eisenerz, 1km vom Leopoldsteinersee und Klettersteigen, sowie 5km vom steirischen Erzberg entfernt.","og_url":"https:\/\/ferienhaus.wuelde-hoamat.at\/index.php\/kontakt\/","og_site_name":"W\u00fclde Hoamat Ferienhaus","article_modified_time":"2023-02-23T13:07:33+00:00","og_image":[{"width":300,"height":300,"url":"https:\/\/ferienhaus.wuelde-hoamat.at\/wp-content\/uploads\/2023\/02\/ferienhaus.png","type":"image\/png"}],"twitter_card":"summary_large_image","twitter_misc":{"Gesch\u00e4tzte Lesezeit":"1 Minute"},"schema":{"@context":"https:\/\/schema.org","@graph":[{"@type":"WebPage","@id":"https:\/\/ferienhaus.wuelde-hoamat.at\/index.php\/kontakt\/","url":"https:\/\/ferienhaus.wuelde-hoamat.at\/index.php\/kontakt\/","name":"Kontakt - W\u00fclde Hoamat Ferienhaus","isPartOf":{"@id":"https:\/\/ferienhaus.wuelde-hoamat.at\/#website"},"datePublished":"2023-02-15T13:02:19+00:00","dateModified":"2023-02-23T13:07:33+00:00","description":"Wir begr\u00fc\u00dfen Sie in Eisenerz, 1km vom Leopoldsteinersee und Klettersteigen, sowie 5km vom steirischen Erzberg entfernt.","breadcrumb":{"@id":"https:\/\/ferienhaus.wuelde-hoamat.at\/index.php\/kontakt\/#breadcrumb"},"inLanguage":"de-AT","potentialAction":[{"@type":"ReadAction","target":["https:\/\/ferienhaus.wuelde-hoamat.at\/index.php\/kontakt\/"]}]},{"@type":"BreadcrumbList","@id":"https:\/\/ferienhaus.wuelde-hoamat.at\/index.php\/kontakt\/#breadcrumb","itemListElement":[{"@type":"ListItem","position":1,"name":"Startseite","item":"https:\/\/ferienhaus.wuelde-hoamat.at\/"},{"@type":"ListItem","position":2,"name":"Kontakt"}]},{"@type":"WebSite","@id":"https:\/\/ferienhaus.wuelde-hoamat.at\/#website","url":"https:\/\/ferienhaus.wuelde-hoamat.at\/","name":"W\u00fclde Hoamat Ferienhaus","description":"Zimmer und Apartment in Eisenerz buchen","publisher":{"@id":"https:\/\/ferienhaus.wuelde-hoamat.at\/#organization"},"potentialAction":[{"@type":"SearchAction","target":{"@type":"EntryPoint","urlTemplate":"https:\/\/ferienhaus.wuelde-hoamat.at\/?s={search_term_string}"},"query-input":"required name=search_term_string"}],"inLanguage":"de-AT"},{"@type":"Organization","@id":"https:\/\/ferienhaus.wuelde-hoamat.at\/#organization","name":"W\u00fclde Hoamat Ferienhaus","url":"https:\/\/ferienhaus.wuelde-hoamat.at\/","logo":{"@type":"ImageObject","inLanguage":"de-AT","@id":"https:\/\/ferienhaus.wuelde-hoamat.at\/#\/schema\/logo\/image\/","url":"https:\/\/ferienhaus.wuelde-hoamat.at\/wp-content\/uploads\/2023\/02\/Wuelde-Hoamat-Zimmer-3-Wueldes-Madl-6-scaled.jpg","contentUrl":"https:\/\/ferienhaus.wuelde-hoamat.at\/wp-content\/uploads\/2023\/02\/Wuelde-Hoamat-Zimmer-3-Wueldes-Madl-6-scaled.jpg","width":2560,"height":1440,"caption":"W\u00fclde Hoamat Ferienhaus"},"image":{"@id":"https:\/\/ferienhaus.wuelde-hoamat.at\/#\/schema\/logo\/image\/"}}]}},"_links":{"self":[{"href":"https:\/\/ferienhaus.wuelde-hoamat.at\/index.php\/wp-json\/wp\/v2\/pages\/8","targetHints":{"allow":["GET"]}}],"collection":[{"href":"https:\/\/ferienhaus.wuelde-hoamat.at\/index.php\/wp-json\/wp\/v2\/pages"}],"about":[{"href":"https:\/\/ferienhaus.wuelde-hoamat.at\/index.php\/wp-json\/wp\/v2\/types\/page"}],"author":[{"embeddable":true,"href":"https:\/\/ferienhaus.wuelde-hoamat.at\/index.php\/wp-json\/wp\/v2\/users\/1"}],"replies":[{"embeddable":true,"href":"https:\/\/ferienhaus.wuelde-hoamat.at\/index.php\/wp-json\/wp\/v2\/comments?post=8"}],"version-history":[{"count":76,"href":"https:\/\/ferienhaus.wuelde-hoamat.at\/index.php\/wp-json\/wp\/v2\/pages\/8\/revisions"}],"predecessor-version":[{"id":1294,"href":"https:\/\/ferienhaus.wuelde-hoamat.at\/index.php\/wp-json\/wp\/v2\/pages\/8\/revisions\/1294"}],"wp:featuredmedia":[{"embeddable":true,"href":"https:\/\/ferienhaus.wuelde-hoamat.at\/index.php\/wp-json\/wp\/v2\/media\/195"}],"wp:attachment":[{"href":"https:\/\/ferienhaus.wuelde-hoamat.at\/index.php\/wp-json\/wp\/v2\/media?parent=8"}],"curies":[{"name":"wp","href":"https:\/\/api.w.org\/{rel}","templated":true}]}}